{"id":2410,"date":"2023-08-07T14:18:05","date_gmt":"2023-08-07T12:18:05","guid":{"rendered":"https:\/\/bobajsbeach.cz\/my-account\/"},"modified":"2025-04-03T14:57:38","modified_gmt":"2025-04-03T12:57:38","slug":"my-account","status":"publish","type":"page","link":"https:\/\/bobajsbeach.cz\/sk\/my-account\/","title":{"rendered":"My Account"},"content":{"rendered":"\t\t<div data-elementor-type=\"wp-page\" data-elementor-id=\"2410\" class=\"elementor elementor-2410 elementor-17\" data-elementor-post-type=\"page\">\n\t\t\t\t\t\t<section class=\"elementor-section elementor-top-section elementor-element elementor-element-282c542 elementor-section-height-min-height elementor-section-items-top elementor-section-boxed elementor-section-height-default\" data-id=\"282c542\" data-element_type=\"section\" data-settings=\"{&quot;background_background&quot;:&quot;gradient&quot;,&quot;shape_divider_bottom&quot;:&quot;waves&quot;}\">\n\t\t\t\t\t\t\t<div class=\"elementor-background-overlay\"><\/div>\n\t\t\t\t\t\t<div class=\"elementor-shape elementor-shape-bottom\" aria-hidden=\"true\" data-negative=\"false\">\n\t\t\t<svg xmlns=\"http:\/\/www.w3.org\/2000\/svg\" viewBox=\"0 0 1000 100\" preserveAspectRatio=\"none\">\n\t<path class=\"elementor-shape-fill\" d=\"M421.9,6.5c22.6-2.5,51.5,0.4,75.5,5.3c23.6,4.9,70.9,23.5,100.5,35.7c75.8,32.2,133.7,44.5,192.6,49.7\n\tc23.6,2.1,48.7,3.5,103.4-2.5c54.7-6,106.2-25.6,106.2-25.6V0H0v30.3c0,0,72,32.6,158.4,30.5c39.2-0.7,92.8-6.7,134-22.4\n\tc21.2-8.1,52.2-18.2,79.7-24.2C399.3,7.9,411.6,7.5,421.9,6.5z\"\/>\n<\/svg>\t\t<\/div>\n\t\t\t\t\t<div class=\"elementor-container elementor-column-gap-default\">\n\t\t\t\t\t<div class=\"elementor-column elementor-col-100 elementor-top-column elementor-element elementor-element-29d206b\" data-id=\"29d206b\" data-element_type=\"column\">\n\t\t\t<div class=\"elementor-widget-wrap elementor-element-populated\">\n\t\t\t\t\t\t<div class=\"elementor-element elementor-element-4b1de09 elementor-widget elementor-widget-heading\" data-id=\"4b1de09\" data-element_type=\"widget\" data-widget_type=\"heading.default\">\n\t\t\t\t<div class=\"elementor-widget-container\">\n\t\t\t\t\t<h1 class=\"elementor-heading-title elementor-size-default\">M\u00f4j \u00fa\u010det<\/h1>\t\t\t\t<\/div>\n\t\t\t\t<\/div>\n\t\t\t\t<div class=\"elementor-element elementor-element-f6b24ea elementor-widget elementor-widget-text-editor\" data-id=\"f6b24ea\" data-element_type=\"widget\" data-widget_type=\"text-editor.default\">\n\t\t\t\t<div class=\"elementor-widget-container\">\n\t\t\t\t\t\t\t\t\t<p>Nazdar! Ak sa chce\u0161 registrova\u0165 na kemp alebo si ulovi\u0165 fajn\u00fd merch na t\u00fato sez\u00f3nu, mus\u00ed\u0161 by\u0165 prihl\u00e1sen\u00fd. Ak e\u0161te nem\u00e1\u0161 konto, \u0161up-\u0161up, registruj sa!<\/p>\t\t\t\t\t\t\t\t<\/div>\n\t\t\t\t<\/div>\n\t\t\t\t<div class=\"elementor-element elementor-element-5619e03 e-my-account-tabs-vertical elementor-widget elementor-widget-woocommerce-my-account\" data-id=\"5619e03\" data-element_type=\"widget\" data-widget_type=\"woocommerce-my-account.default\">\n\t\t\t\t<div class=\"elementor-widget-container\">\n\t\t\t\t\t<div class=\"e-my-account-tab e-my-account-tab__ \">\t\t\t<div class=\"woocommerce\"><\/div>\t\t<\/div>\n\t\t\t\t\t\t<\/div>\n\t\t\t\t<\/div>\n\t\t\t\t\t<\/div>\n\t\t<\/div>\n\t\t\t\t\t<\/div>\n\t\t<\/section>\n\t\t\t\t<\/div>\n\t\t","protected":false},"excerpt":{"rendered":"<p>M\u00f4j \u00fa\u010det Nazdar! Ak sa chce\u0161 registrova\u0165 na kemp alebo si ulovi\u0165 fajn\u00fd merch na t\u00fato sez\u00f3nu, mus\u00ed\u0161 by\u0165 prihl\u00e1sen\u00fd. Ak e\u0161te nem\u00e1\u0161 konto, \u0161up-\u0161up, registruj sa! N\u00e1stenka Objedn\u00e1vky S\u0165ahovanie Adresy Detaily \u00fa\u010dtu Odhl\u00e1sit Dobr\u00fd de\u0148 Nicolas (nie ste Nicolas? Odhl\u00e1si\u0165) Na n\u00e1stenke svojho \u00fa\u010dtu si m\u00f4\u017eete prezrie\u0165 svoje ned\u00e1vne objedn\u00e1vky, upravi\u0165 faktura\u010dn\u00e9 a doru\u010dovacie [&hellip;]<\/p>\n","protected":false},"author":1,"featured_media":0,"parent":0,"menu_order":0,"comment_status":"closed","ping_status":"closed","template":"elementor_header_footer","meta":{"_acf_changed":false,"_seopress_robots_primary_cat":"","_seopress_titles_title":"","_seopress_titles_desc":"","_seopress_robots_index":"","footnotes":""},"class_list":["post-2410","page","type-page","status-publish","hentry"],"acf":[],"_links":{"self":[{"href":"https:\/\/bobajsbeach.cz\/sk\/wp-json\/wp\/v2\/pages\/2410","targetHints":{"allow":["GET"]}}],"collection":[{"href":"https:\/\/bobajsbeach.cz\/sk\/wp-json\/wp\/v2\/pages"}],"about":[{"href":"https:\/\/bobajsbeach.cz\/sk\/wp-json\/wp\/v2\/types\/page"}],"author":[{"embeddable":true,"href":"https:\/\/bobajsbeach.cz\/sk\/wp-json\/wp\/v2\/users\/1"}],"replies":[{"embeddable":true,"href":"https:\/\/bobajsbeach.cz\/sk\/wp-json\/wp\/v2\/comments?post=2410"}],"version-history":[{"count":18,"href":"https:\/\/bobajsbeach.cz\/sk\/wp-json\/wp\/v2\/pages\/2410\/revisions"}],"predecessor-version":[{"id":7175,"href":"https:\/\/bobajsbeach.cz\/sk\/wp-json\/wp\/v2\/pages\/2410\/revisions\/7175"}],"wp:attachment":[{"href":"https:\/\/bobajsbeach.cz\/sk\/wp-json\/wp\/v2\/media?parent=2410"}],"curies":[{"name":"wp","href":"https:\/\/api.w.org\/{rel}","templated":true}]}}